{"id":164,"date":"2025-04-25T15:46:39","date_gmt":"2025-04-25T15:46:39","guid":{"rendered":"https:\/\/admiring-hellman.85-235-144-215.plesk.page\/?page_id=164"},"modified":"2025-04-25T15:57:07","modified_gmt":"2025-04-25T15:57:07","slug":"reference","status":"publish","type":"page","link":"https:\/\/admiring-hellman.85-235-144-215.plesk.page\/index.php\/reference\/","title":{"rendered":"Reference"},"content":{"rendered":"\n<figure class=\"wp-block-gallery has-nested-images columns-default is-cropped wp-block-gallery-1 is-layout-flex wp-block-gallery-is-layout-flex\">\n<figure class=\"wp-block-image size-large\"><img loading=\"lazy\" decoding=\"async\" width=\"1024\" height=\"576\" data-id=\"63\" src=\"https:\/\/admiring-hellman.85-235-144-215.plesk.page\/wp-content\/uploads\/2025\/02\/dum2-1-1024x576.jpg\" alt=\"\" class=\"wp-image-63\" srcset=\"https:\/\/admiring-hellman.85-235-144-215.plesk.page\/wp-content\/uploads\/2025\/02\/dum2-1-1024x576.jpg 1024w, https:\/\/admiring-hellman.85-235-144-215.plesk.page\/wp-content\/uploads\/2025\/02\/dum2-1-300x169.jpg 300w, https:\/\/admiring-hellman.85-235-144-215.plesk.page\/wp-content\/uploads\/2025\/02\/dum2-1-768x432.jpg 768w, https:\/\/admiring-hellman.85-235-144-215.plesk.page\/wp-content\/uploads\/2025\/02\/dum2-1-1536x864.jpg 1536w, https:\/\/admiring-hellman.85-235-144-215.plesk.page\/wp-content\/uploads\/2025\/02\/dum2-1.jpg 1920w\" sizes=\"auto, (max-width: 1024px) 100vw, 1024px\" \/><figcaption class=\"wp-element-caption\">Graffiti na rohu doma a na aut\u011b<\/figcaption><\/figure>\n\n\n\n<figure class=\"wp-block-image size-large\"><img loading=\"lazy\" decoding=\"async\" width=\"1024\" height=\"626\" data-id=\"61\" src=\"https:\/\/admiring-hellman.85-235-144-215.plesk.page\/wp-content\/uploads\/2025\/02\/nocni-mesto-4-254x368-cm-2-1-1024x626.jpg\" alt=\"No\u010dn\u00ed m\u011bsto\" class=\"wp-image-61\" srcset=\"https:\/\/admiring-hellman.85-235-144-215.plesk.page\/wp-content\/uploads\/2025\/02\/nocni-mesto-4-254x368-cm-2-1-1024x626.jpg 1024w, https:\/\/admiring-hellman.85-235-144-215.plesk.page\/wp-content\/uploads\/2025\/02\/nocni-mesto-4-254x368-cm-2-1-300x184.jpg 300w, https:\/\/admiring-hellman.85-235-144-215.plesk.page\/wp-content\/uploads\/2025\/02\/nocni-mesto-4-254x368-cm-2-1-768x470.jpg 768w, https:\/\/admiring-hellman.85-235-144-215.plesk.page\/wp-content\/uploads\/2025\/02\/nocni-mesto-4-254x368-cm-2-1.jpg 1056w\" sizes=\"auto, (max-width: 1024px) 100vw, 1024px\" \/><figcaption class=\"wp-element-caption\">No\u010dn\u00ed m\u011bsto s oh\u0148ostrojem<\/figcaption><\/figure>\n\n\n\n<figure class=\"wp-block-image size-large\"><img loading=\"lazy\" decoding=\"async\" width=\"606\" height=\"603\" data-id=\"50\" src=\"https:\/\/admiring-hellman.85-235-144-215.plesk.page\/wp-content\/uploads\/2025\/02\/moderni-logo-pro-firmu-TP-design-21original.jpg\" alt=\"\" class=\"wp-image-50\" srcset=\"https:\/\/admiring-hellman.85-235-144-215.plesk.page\/wp-content\/uploads\/2025\/02\/moderni-logo-pro-firmu-TP-design-21original.jpg 606w, https:\/\/admiring-hellman.85-235-144-215.plesk.page\/wp-content\/uploads\/2025\/02\/moderni-logo-pro-firmu-TP-design-21original-300x300.jpg 300w, https:\/\/admiring-hellman.85-235-144-215.plesk.page\/wp-content\/uploads\/2025\/02\/moderni-logo-pro-firmu-TP-design-21original-150x150.jpg 150w\" sizes=\"auto, (max-width: 606px) 100vw, 606px\" \/><figcaption class=\"wp-element-caption\">Logo<\/figcaption><\/figure>\n\n\n\n<figure class=\"wp-block-image size-large\"><img loading=\"lazy\" decoding=\"async\" width=\"1024\" height=\"683\" data-id=\"62\" src=\"https:\/\/admiring-hellman.85-235-144-215.plesk.page\/wp-content\/uploads\/2025\/02\/crocus-4930605_1920-rocni-obdobi-2-1024x683.jpg\" alt=\"galerie prac\u00ed\" class=\"wp-image-62\" srcset=\"https:\/\/admiring-hellman.85-235-144-215.plesk.page\/wp-content\/uploads\/2025\/02\/crocus-4930605_1920-rocni-obdobi-2-1024x683.jpg 1024w, https:\/\/admiring-hellman.85-235-144-215.plesk.page\/wp-content\/uploads\/2025\/02\/crocus-4930605_1920-rocni-obdobi-2-300x200.jpg 300w, https:\/\/admiring-hellman.85-235-144-215.plesk.page\/wp-content\/uploads\/2025\/02\/crocus-4930605_1920-rocni-obdobi-2-768x512.jpg 768w, https:\/\/admiring-hellman.85-235-144-215.plesk.page\/wp-content\/uploads\/2025\/02\/crocus-4930605_1920-rocni-obdobi-2-1536x1024.jpg 1536w, https:\/\/admiring-hellman.85-235-144-215.plesk.page\/wp-content\/uploads\/2025\/02\/crocus-4930605_1920-rocni-obdobi-2.jpg 1920w\" sizes=\"auto, (max-width: 1024px) 100vw, 1024px\" \/><figcaption class=\"wp-element-caption\">Ro\u010dn\u00ed obdob\u00ed<\/figcaption><\/figure>\n<\/figure>\n","protected":false},"excerpt":{"rendered":"","protected":false},"author":1,"featured_media":0,"parent":0,"menu_order":0,"comment_status":"closed","ping_status":"closed","template":"","meta":{"colormag_page_container_layout":"default_layout","colormag_page_sidebar_layout":"default_layout","footnotes":""},"class_list":["post-164","page","type-page","status-publish","hentry"],"_links":{"self":[{"href":"https:\/\/admiring-hellman.85-235-144-215.plesk.page\/index.php\/wp-json\/wp\/v2\/pages\/164","targetHints":{"allow":["GET"]}}],"collection":[{"href":"https:\/\/admiring-hellman.85-235-144-215.plesk.page\/index.php\/wp-json\/wp\/v2\/pages"}],"about":[{"href":"https:\/\/admiring-hellman.85-235-144-215.plesk.page\/index.php\/wp-json\/wp\/v2\/types\/page"}],"author":[{"embeddable":true,"href":"https:\/\/admiring-hellman.85-235-144-215.plesk.page\/index.php\/wp-json\/wp\/v2\/users\/1"}],"replies":[{"embeddable":true,"href":"https:\/\/admiring-hellman.85-235-144-215.plesk.page\/index.php\/wp-json\/wp\/v2\/comments?post=164"}],"version-history":[{"count":2,"href":"https:\/\/admiring-hellman.85-235-144-215.plesk.page\/index.php\/wp-json\/wp\/v2\/pages\/164\/revisions"}],"predecessor-version":[{"id":174,"href":"https:\/\/admiring-hellman.85-235-144-215.plesk.page\/index.php\/wp-json\/wp\/v2\/pages\/164\/revisions\/174"}],"wp:attachment":[{"href":"https:\/\/admiring-hellman.85-235-144-215.plesk.page\/index.php\/wp-json\/wp\/v2\/media?parent=164"}],"curies":[{"name":"wp","href":"https:\/\/api.w.org\/{rel}","templated":true}]}}