{"id":146,"date":"2025-04-17T09:32:02","date_gmt":"2025-04-17T09:32:02","guid":{"rendered":"https:\/\/admiring-hellman.85-235-144-215.plesk.page\/?page_id=146"},"modified":"2025-04-17T09:32:02","modified_gmt":"2025-04-17T09:32:02","slug":"nase-prace","status":"publish","type":"page","link":"https:\/\/admiring-hellman.85-235-144-215.plesk.page\/index.php\/nase-prace\/","title":{"rendered":"NA\u0160E PR\u00c1CE"},"content":{"rendered":"\n<figure class=\"wp-block-image size-large\"><img loading=\"lazy\" decoding=\"async\" width=\"1024\" height=\"626\" src=\"https:\/\/admiring-hellman.85-235-144-215.plesk.page\/wp-content\/uploads\/2025\/02\/nocni-mesto-4-254x368-cm-2-1024x626.jpg\" alt=\"Fotomont\u00e1\u017e z dvou fotografi\u00ed\" class=\"wp-image-44\" srcset=\"https:\/\/admiring-hellman.85-235-144-215.plesk.page\/wp-content\/uploads\/2025\/02\/nocni-mesto-4-254x368-cm-2-1024x626.jpg 1024w, https:\/\/admiring-hellman.85-235-144-215.plesk.page\/wp-content\/uploads\/2025\/02\/nocni-mesto-4-254x368-cm-2-300x184.jpg 300w, https:\/\/admiring-hellman.85-235-144-215.plesk.page\/wp-content\/uploads\/2025\/02\/nocni-mesto-4-254x368-cm-2-768x470.jpg 768w, https:\/\/admiring-hellman.85-235-144-215.plesk.page\/wp-content\/uploads\/2025\/02\/nocni-mesto-4-254x368-cm-2.jpg 1056w\" sizes=\"auto, (max-width: 1024px) 100vw, 1024px\" \/><figcaption class=\"wp-element-caption\">NO\u010cN\u00cd M\u011aSTO S OH\u0147OSTROJEM<\/figcaption><\/figure>\n\n\n\n<figure class=\"wp-block-image size-large\"><img loading=\"lazy\" decoding=\"async\" width=\"1024\" height=\"626\" src=\"https:\/\/admiring-hellman.85-235-144-215.plesk.page\/wp-content\/uploads\/2025\/02\/nocni-mesto-4-254x368-cm-1024x626.jpeg\" alt=\"No\u010dn\u00ed m\u011bsto\" class=\"wp-image-72\" srcset=\"https:\/\/admiring-hellman.85-235-144-215.plesk.page\/wp-content\/uploads\/2025\/02\/nocni-mesto-4-254x368-cm-1024x626.jpeg 1024w, https:\/\/admiring-hellman.85-235-144-215.plesk.page\/wp-content\/uploads\/2025\/02\/nocni-mesto-4-254x368-cm-300x184.jpeg 300w, https:\/\/admiring-hellman.85-235-144-215.plesk.page\/wp-content\/uploads\/2025\/02\/nocni-mesto-4-254x368-cm-768x470.jpeg 768w, https:\/\/admiring-hellman.85-235-144-215.plesk.page\/wp-content\/uploads\/2025\/02\/nocni-mesto-4-254x368-cm.jpeg 1056w\" sizes=\"auto, (max-width: 1024px) 100vw, 1024px\" \/><figcaption class=\"wp-element-caption\">NO\u010cN\u00cd M\u011aSTO<\/figcaption><\/figure>\n","protected":false},"excerpt":{"rendered":"","protected":false},"author":1,"featured_media":0,"parent":0,"menu_order":0,"comment_status":"closed","ping_status":"closed","template":"","meta":{"colormag_page_container_layout":"default_layout","colormag_page_sidebar_layout":"default_layout","footnotes":""},"class_list":["post-146","page","type-page","status-publish","hentry"],"_links":{"self":[{"href":"https:\/\/admiring-hellman.85-235-144-215.plesk.page\/index.php\/wp-json\/wp\/v2\/pages\/146","targetHints":{"allow":["GET"]}}],"collection":[{"href":"https:\/\/admiring-hellman.85-235-144-215.plesk.page\/index.php\/wp-json\/wp\/v2\/pages"}],"about":[{"href":"https:\/\/admiring-hellman.85-235-144-215.plesk.page\/index.php\/wp-json\/wp\/v2\/types\/page"}],"author":[{"embeddable":true,"href":"https:\/\/admiring-hellman.85-235-144-215.plesk.page\/index.php\/wp-json\/wp\/v2\/users\/1"}],"replies":[{"embeddable":true,"href":"https:\/\/admiring-hellman.85-235-144-215.plesk.page\/index.php\/wp-json\/wp\/v2\/comments?post=146"}],"version-history":[{"count":1,"href":"https:\/\/admiring-hellman.85-235-144-215.plesk.page\/index.php\/wp-json\/wp\/v2\/pages\/146\/revisions"}],"predecessor-version":[{"id":147,"href":"https:\/\/admiring-hellman.85-235-144-215.plesk.page\/index.php\/wp-json\/wp\/v2\/pages\/146\/revisions\/147"}],"wp:attachment":[{"href":"https:\/\/admiring-hellman.85-235-144-215.plesk.page\/index.php\/wp-json\/wp\/v2\/media?parent=146"}],"curies":[{"name":"wp","href":"https:\/\/api.w.org\/{rel}","templated":true}]}}