{"id":142,"date":"2025-04-17T09:22:10","date_gmt":"2025-04-17T09:22:10","guid":{"rendered":"https:\/\/admiring-hellman.85-235-144-215.plesk.page\/?page_id=142"},"modified":"2025-04-17T09:22:10","modified_gmt":"2025-04-17T09:22:10","slug":"kontakt","status":"publish","type":"page","link":"https:\/\/admiring-hellman.85-235-144-215.plesk.page\/index.php\/kontakt\/","title":{"rendered":"Kontakt"},"content":{"rendered":"<div class=\"is-default-size wp-block-site-logo\"><a href=\"https:\/\/admiring-hellman.85-235-144-215.plesk.page\/\" class=\"custom-logo-link\" rel=\"home\"><img loading=\"lazy\" decoding=\"async\" width=\"512\" height=\"512\" src=\"https:\/\/admiring-hellman.85-235-144-215.plesk.page\/wp-content\/uploads\/2025\/02\/cropped-moderni-logo-pro-firmu-TP-design-21original.jpg\" class=\"custom-logo\" alt=\"ToP-webdesign\" srcset=\"https:\/\/admiring-hellman.85-235-144-215.plesk.page\/wp-content\/uploads\/2025\/02\/cropped-moderni-logo-pro-firmu-TP-design-21original.jpg 1x, https:\/\/admiring-hellman.85-235-144-215.plesk.page\/wp-content\/uploads\/2025\/02\/moderni-logo-pro-firmu-TP-design-21original.jpg 2x\" sizes=\"auto, (max-width: 512px) 100vw, 512px\" \/><\/a><\/div>\n\n\n<p class=\"has-text-align-left has-text-color has-link-color has-large-font-size wp-elements-216047eabe9b2cc6c1832492a38eed69\" style=\"color:#222382\">Tom\u00e1\u0161 Pa\u0161ek<\/p>\n\n\n\n<p class=\"has-text-align-left has-text-color has-link-color has-large-font-size wp-elements-ffd6fb21622c48040a31f17aff931e62\" style=\"color:#222382\">tel: 724840499<\/p>\n\n\n\n<p class=\"has-text-align-left has-text-color has-link-color has-large-font-size wp-elements-01dd4fa855883d62f7cba116f3469c1b\" style=\"color:#222382\">tpasek@seznam.cz<\/p>\n\n\n\n<p><\/p>\n\n\n\n<p><\/p>\n","protected":false},"excerpt":{"rendered":"<p>Tom\u00e1\u0161 Pa\u0161ek tel: 724840499 tpasek@seznam.cz<\/p>\n","protected":false},"author":1,"featured_media":0,"parent":0,"menu_order":0,"comment_status":"closed","ping_status":"closed","template":"","meta":{"colormag_page_container_layout":"default_layout","colormag_page_sidebar_layout":"default_layout","footnotes":""},"class_list":["post-142","page","type-page","status-publish","hentry"],"_links":{"self":[{"href":"https:\/\/admiring-hellman.85-235-144-215.plesk.page\/index.php\/wp-json\/wp\/v2\/pages\/142","targetHints":{"allow":["GET"]}}],"collection":[{"href":"https:\/\/admiring-hellman.85-235-144-215.plesk.page\/index.php\/wp-json\/wp\/v2\/pages"}],"about":[{"href":"https:\/\/admiring-hellman.85-235-144-215.plesk.page\/index.php\/wp-json\/wp\/v2\/types\/page"}],"author":[{"embeddable":true,"href":"https:\/\/admiring-hellman.85-235-144-215.plesk.page\/index.php\/wp-json\/wp\/v2\/users\/1"}],"replies":[{"embeddable":true,"href":"https:\/\/admiring-hellman.85-235-144-215.plesk.page\/index.php\/wp-json\/wp\/v2\/comments?post=142"}],"version-history":[{"count":1,"href":"https:\/\/admiring-hellman.85-235-144-215.plesk.page\/index.php\/wp-json\/wp\/v2\/pages\/142\/revisions"}],"predecessor-version":[{"id":143,"href":"https:\/\/admiring-hellman.85-235-144-215.plesk.page\/index.php\/wp-json\/wp\/v2\/pages\/142\/revisions\/143"}],"wp:attachment":[{"href":"https:\/\/admiring-hellman.85-235-144-215.plesk.page\/index.php\/wp-json\/wp\/v2\/media?parent=142"}],"curies":[{"name":"wp","href":"https:\/\/api.w.org\/{rel}","templated":true}]}}