{"id":138,"date":"2025-04-17T09:14:28","date_gmt":"2025-04-17T09:14:28","guid":{"rendered":"https:\/\/admiring-hellman.85-235-144-215.plesk.page\/?page_id=138"},"modified":"2025-04-17T09:14:28","modified_gmt":"2025-04-17T09:14:28","slug":"galerie","status":"publish","type":"page","link":"https:\/\/admiring-hellman.85-235-144-215.plesk.page\/index.php\/galerie\/","title":{"rendered":"Galerie"},"content":{"rendered":"\n<figure class=\"wp-block-gallery has-nested-images columns-default is-cropped wp-block-gallery-1 is-layout-flex wp-block-gallery-is-layout-flex\">\n<figure class=\"wp-block-image size-large\"><img loading=\"lazy\" decoding=\"async\" width=\"1024\" height=\"683\" data-id=\"67\" src=\"https:\/\/admiring-hellman.85-235-144-215.plesk.page\/wp-content\/uploads\/2025\/02\/crocus-4930605_1920-rocni-obdobi-2-2-1024x683.jpg\" alt=\"Jaro l\u00e9to podzim zima\" class=\"wp-image-67\" srcset=\"https:\/\/admiring-hellman.85-235-144-215.plesk.page\/wp-content\/uploads\/2025\/02\/crocus-4930605_1920-rocni-obdobi-2-2-1024x683.jpg 1024w, https:\/\/admiring-hellman.85-235-144-215.plesk.page\/wp-content\/uploads\/2025\/02\/crocus-4930605_1920-rocni-obdobi-2-2-300x200.jpg 300w, https:\/\/admiring-hellman.85-235-144-215.plesk.page\/wp-content\/uploads\/2025\/02\/crocus-4930605_1920-rocni-obdobi-2-2-768x512.jpg 768w, https:\/\/admiring-hellman.85-235-144-215.plesk.page\/wp-content\/uploads\/2025\/02\/crocus-4930605_1920-rocni-obdobi-2-2-1536x1024.jpg 1536w, https:\/\/admiring-hellman.85-235-144-215.plesk.page\/wp-content\/uploads\/2025\/02\/crocus-4930605_1920-rocni-obdobi-2-2.jpg 1920w\" sizes=\"auto, (max-width: 1024px) 100vw, 1024px\" \/><\/figure>\n\n\n\n<figure class=\"wp-block-image size-large\"><img loading=\"lazy\" decoding=\"async\" width=\"1024\" height=\"683\" data-id=\"64\" src=\"https:\/\/admiring-hellman.85-235-144-215.plesk.page\/wp-content\/uploads\/2025\/02\/JLPZ-5-1-1024x683.jpg\" alt=\"Jaro l\u00e9to podzim zima2\" class=\"wp-image-64\" srcset=\"https:\/\/admiring-hellman.85-235-144-215.plesk.page\/wp-content\/uploads\/2025\/02\/JLPZ-5-1-1024x683.jpg 1024w, https:\/\/admiring-hellman.85-235-144-215.plesk.page\/wp-content\/uploads\/2025\/02\/JLPZ-5-1-300x200.jpg 300w, https:\/\/admiring-hellman.85-235-144-215.plesk.page\/wp-content\/uploads\/2025\/02\/JLPZ-5-1-768x512.jpg 768w, https:\/\/admiring-hellman.85-235-144-215.plesk.page\/wp-content\/uploads\/2025\/02\/JLPZ-5-1-1536x1024.jpg 1536w, https:\/\/admiring-hellman.85-235-144-215.plesk.page\/wp-content\/uploads\/2025\/02\/JLPZ-5-1.jpg 1920w\" sizes=\"auto, (max-width: 1024px) 100vw, 1024px\" \/><\/figure>\n\n\n\n<figure class=\"wp-block-image size-large\"><img loading=\"lazy\" decoding=\"async\" width=\"1024\" height=\"683\" data-id=\"65\" src=\"https:\/\/admiring-hellman.85-235-144-215.plesk.page\/wp-content\/uploads\/2025\/02\/JLPZ-1-1024x683.jpg\" alt=\"Jaro l\u00e9to podzim zima 3\" class=\"wp-image-65\" srcset=\"https:\/\/admiring-hellman.85-235-144-215.plesk.page\/wp-content\/uploads\/2025\/02\/JLPZ-1-1024x683.jpg 1024w, https:\/\/admiring-hellman.85-235-144-215.plesk.page\/wp-content\/uploads\/2025\/02\/JLPZ-1-300x200.jpg 300w, https:\/\/admiring-hellman.85-235-144-215.plesk.page\/wp-content\/uploads\/2025\/02\/JLPZ-1-768x512.jpg 768w, https:\/\/admiring-hellman.85-235-144-215.plesk.page\/wp-content\/uploads\/2025\/02\/JLPZ-1-1536x1024.jpg 1536w, https:\/\/admiring-hellman.85-235-144-215.plesk.page\/wp-content\/uploads\/2025\/02\/JLPZ-1.jpg 1920w\" sizes=\"auto, (max-width: 1024px) 100vw, 1024px\" \/><\/figure>\n\n\n\n<figure class=\"wp-block-image size-large\"><img loading=\"lazy\" decoding=\"async\" width=\"1024\" height=\"626\" data-id=\"72\" src=\"https:\/\/admiring-hellman.85-235-144-215.plesk.page\/wp-content\/uploads\/2025\/02\/nocni-mesto-4-254x368-cm-1024x626.jpeg\" alt=\"No\u010dn\u00ed m\u011bsto\" class=\"wp-image-72\" srcset=\"https:\/\/admiring-hellman.85-235-144-215.plesk.page\/wp-content\/uploads\/2025\/02\/nocni-mesto-4-254x368-cm-1024x626.jpeg 1024w, https:\/\/admiring-hellman.85-235-144-215.plesk.page\/wp-content\/uploads\/2025\/02\/nocni-mesto-4-254x368-cm-300x184.jpeg 300w, https:\/\/admiring-hellman.85-235-144-215.plesk.page\/wp-content\/uploads\/2025\/02\/nocni-mesto-4-254x368-cm-768x470.jpeg 768w, https:\/\/admiring-hellman.85-235-144-215.plesk.page\/wp-content\/uploads\/2025\/02\/nocni-mesto-4-254x368-cm.jpeg 1056w\" sizes=\"auto, (max-width: 1024px) 100vw, 1024px\" \/><figcaption class=\"wp-element-caption\">NO\u010cN\u00cd M\u011aSTO<\/figcaption><\/figure>\n\n\n\n<figure class=\"wp-block-image size-large\"><img loading=\"lazy\" decoding=\"async\" width=\"1024\" height=\"626\" data-id=\"61\" src=\"https:\/\/admiring-hellman.85-235-144-215.plesk.page\/wp-content\/uploads\/2025\/02\/nocni-mesto-4-254x368-cm-2-1-1024x626.jpg\" alt=\"FOTOMONT\u00c1\u017d DVOU FOTEK\" class=\"wp-image-61\" srcset=\"https:\/\/admiring-hellman.85-235-144-215.plesk.page\/wp-content\/uploads\/2025\/02\/nocni-mesto-4-254x368-cm-2-1-1024x626.jpg 1024w, https:\/\/admiring-hellman.85-235-144-215.plesk.page\/wp-content\/uploads\/2025\/02\/nocni-mesto-4-254x368-cm-2-1-300x184.jpg 300w, https:\/\/admiring-hellman.85-235-144-215.plesk.page\/wp-content\/uploads\/2025\/02\/nocni-mesto-4-254x368-cm-2-1-768x470.jpg 768w, https:\/\/admiring-hellman.85-235-144-215.plesk.page\/wp-content\/uploads\/2025\/02\/nocni-mesto-4-254x368-cm-2-1.jpg 1056w\" sizes=\"auto, (max-width: 1024px) 100vw, 1024px\" \/><\/figure>\n\n\n\n<figure class=\"wp-block-image size-large\"><img loading=\"lazy\" decoding=\"async\" width=\"1024\" height=\"768\" data-id=\"70\" src=\"https:\/\/admiring-hellman.85-235-144-215.plesk.page\/wp-content\/uploads\/2025\/02\/rubikova-kostka-2.jpg\" alt=\"Rubikova kostka\" class=\"wp-image-70\" srcset=\"https:\/\/admiring-hellman.85-235-144-215.plesk.page\/wp-content\/uploads\/2025\/02\/rubikova-kostka-2.jpg 1024w, https:\/\/admiring-hellman.85-235-144-215.plesk.page\/wp-content\/uploads\/2025\/02\/rubikova-kostka-2-300x225.jpg 300w, https:\/\/admiring-hellman.85-235-144-215.plesk.page\/wp-content\/uploads\/2025\/02\/rubikova-kostka-2-768x576.jpg 768w\" sizes=\"auto, (max-width: 1024px) 100vw, 1024px\" \/><\/figure>\n<\/figure>\n","protected":false},"excerpt":{"rendered":"","protected":false},"author":1,"featured_media":0,"parent":0,"menu_order":0,"comment_status":"closed","ping_status":"closed","template":"","meta":{"colormag_page_container_layout":"default_layout","colormag_page_sidebar_layout":"default_layout","footnotes":""},"class_list":["post-138","page","type-page","status-publish","hentry"],"_links":{"self":[{"href":"https:\/\/admiring-hellman.85-235-144-215.plesk.page\/index.php\/wp-json\/wp\/v2\/pages\/138","targetHints":{"allow":["GET"]}}],"collection":[{"href":"https:\/\/admiring-hellman.85-235-144-215.plesk.page\/index.php\/wp-json\/wp\/v2\/pages"}],"about":[{"href":"https:\/\/admiring-hellman.85-235-144-215.plesk.page\/index.php\/wp-json\/wp\/v2\/types\/page"}],"author":[{"embeddable":true,"href":"https:\/\/admiring-hellman.85-235-144-215.plesk.page\/index.php\/wp-json\/wp\/v2\/users\/1"}],"replies":[{"embeddable":true,"href":"https:\/\/admiring-hellman.85-235-144-215.plesk.page\/index.php\/wp-json\/wp\/v2\/comments?post=138"}],"version-history":[{"count":1,"href":"https:\/\/admiring-hellman.85-235-144-215.plesk.page\/index.php\/wp-json\/wp\/v2\/pages\/138\/revisions"}],"predecessor-version":[{"id":139,"href":"https:\/\/admiring-hellman.85-235-144-215.plesk.page\/index.php\/wp-json\/wp\/v2\/pages\/138\/revisions\/139"}],"wp:attachment":[{"href":"https:\/\/admiring-hellman.85-235-144-215.plesk.page\/index.php\/wp-json\/wp\/v2\/media?parent=138"}],"curies":[{"name":"wp","href":"https:\/\/api.w.org\/{rel}","templated":true}]}}