{"id":104,"date":"2025-04-15T13:21:36","date_gmt":"2025-04-15T13:21:36","guid":{"rendered":"https:\/\/admiring-hellman.85-235-144-215.plesk.page\/?page_id=104"},"modified":"2025-04-25T17:01:38","modified_gmt":"2025-04-25T17:01:38","slug":"tompas-design","status":"publish","type":"page","link":"https:\/\/admiring-hellman.85-235-144-215.plesk.page\/","title":{"rendered":"Tompasek.design"},"content":{"rendered":"\n<div class=\"wp-block-group alignfull is-layout-constrained wp-block-group-is-layout-constrained\" style=\"margin-top:0;margin-bottom:0\">\n<h1 class=\"wp-block-heading has-text-align-center has-text-color has-link-color wp-elements-767814af5bd9a69f7dfe927d4904730e\" style=\"color:#0b2582\"><\/h1>\n\n\n\n<blockquote class=\"wp-block-quote has-background is-layout-flow wp-block-quote-is-layout-flow\" style=\"background-color:#0b2582\">\n<p class=\"has-luminous-vivid-amber-color has-text-color has-link-color wp-elements-b60e7873a400a22077190a88091578bb\">Vytvo\u0159\u00edme V\u00e1m webov\u00e9 str\u00e1nky dle va\u0161eho zad\u00e1n\u00ed a Va\u0161eho p\u0159\u00e1n\u00ed. <\/p>\n\n\n\n<p class=\"has-luminous-vivid-amber-color has-text-color has-link-color wp-elements-85bc62993ab597db2f50dd37d400989c\">Uprav\u00edme v\u00e1m va\u0161e fotografie, jak si budete p\u0159\u00e1t, t\u0159eba jako obraz nebo na sklo a cokoli co v\u00e1s napadne.<\/p>\n\n\n\n<p class=\"has-luminous-vivid-amber-color has-text-color has-link-color wp-elements-962532f44b4c69a8bc54f3ac070c37f0\">\u0158e\u0161en\u00ed reklamy na webu v\u010detn\u011b SEO vyhled\u00e1v\u00e1n\u00ed.<\/p>\n<\/blockquote>\n<\/div>\n\n\n\n<div class=\"wp-block-group alignfull is-layout-constrained wp-container-core-group-is-layout-0d85de7f wp-block-group-is-layout-constrained\" style=\"margin-top:0;margin-bottom:0;padding-top:var(--wp--preset--spacing--60);padding-bottom:var(--wp--preset--spacing--60)\">\n<h2 class=\"wp-block-heading alignwide has-text-align-center has-text-color has-link-color has-x-large-font-size wp-elements-be1e38dcecb6b064493198d23e75fe2d\" style=\"color:#0b2582\"><a href=\"https:\/\/admiring-hellman.85-235-144-215.plesk.page\/index.php\/galerie\/\" data-type=\"page\" data-id=\"138\">Galerie<\/a> fotomont\u00e1\u017e\u00ed<\/h2>\n\n\n\n<figure class=\"wp-block-gallery has-nested-images columns-default is-cropped wp-block-gallery-1 is-layout-flex wp-block-gallery-is-layout-flex\">\n<figure class=\"wp-block-image size-large\"><img loading=\"lazy\" decoding=\"async\" width=\"1024\" height=\"683\" data-id=\"66\" src=\"https:\/\/admiring-hellman.85-235-144-215.plesk.page\/wp-content\/uploads\/2025\/02\/crocus-4930605_1920-rocni-obdobi-2-1-1024x683.jpg\" alt=\"ro\u010dn\u00ed obdob\u00ed\" class=\"wp-image-66\" srcset=\"https:\/\/admiring-hellman.85-235-144-215.plesk.page\/wp-content\/uploads\/2025\/02\/crocus-4930605_1920-rocni-obdobi-2-1-1024x683.jpg 1024w, https:\/\/admiring-hellman.85-235-144-215.plesk.page\/wp-content\/uploads\/2025\/02\/crocus-4930605_1920-rocni-obdobi-2-1-300x200.jpg 300w, https:\/\/admiring-hellman.85-235-144-215.plesk.page\/wp-content\/uploads\/2025\/02\/crocus-4930605_1920-rocni-obdobi-2-1-768x512.jpg 768w, https:\/\/admiring-hellman.85-235-144-215.plesk.page\/wp-content\/uploads\/2025\/02\/crocus-4930605_1920-rocni-obdobi-2-1-1536x1024.jpg 1536w, https:\/\/admiring-hellman.85-235-144-215.plesk.page\/wp-content\/uploads\/2025\/02\/crocus-4930605_1920-rocni-obdobi-2-1.jpg 1920w\" sizes=\"auto, (max-width: 1024px) 100vw, 1024px\" \/><\/figure>\n\n\n\n<figure class=\"wp-block-image size-large\"><img loading=\"lazy\" decoding=\"async\" width=\"1024\" height=\"683\" data-id=\"64\" src=\"https:\/\/admiring-hellman.85-235-144-215.plesk.page\/wp-content\/uploads\/2025\/02\/JLPZ-5-1-1024x683.jpg\" alt=\"\" class=\"wp-image-64\" srcset=\"https:\/\/admiring-hellman.85-235-144-215.plesk.page\/wp-content\/uploads\/2025\/02\/JLPZ-5-1-1024x683.jpg 1024w, https:\/\/admiring-hellman.85-235-144-215.plesk.page\/wp-content\/uploads\/2025\/02\/JLPZ-5-1-300x200.jpg 300w, https:\/\/admiring-hellman.85-235-144-215.plesk.page\/wp-content\/uploads\/2025\/02\/JLPZ-5-1-768x512.jpg 768w, https:\/\/admiring-hellman.85-235-144-215.plesk.page\/wp-content\/uploads\/2025\/02\/JLPZ-5-1-1536x1024.jpg 1536w, https:\/\/admiring-hellman.85-235-144-215.plesk.page\/wp-content\/uploads\/2025\/02\/JLPZ-5-1.jpg 1920w\" sizes=\"auto, (max-width: 1024px) 100vw, 1024px\" \/><\/figure>\n\n\n\n<figure class=\"wp-block-image size-large\"><img loading=\"lazy\" decoding=\"async\" width=\"1024\" height=\"683\" data-id=\"65\" src=\"https:\/\/admiring-hellman.85-235-144-215.plesk.page\/wp-content\/uploads\/2025\/02\/JLPZ-1-1024x683.jpg\" alt=\"\" class=\"wp-image-65\" srcset=\"https:\/\/admiring-hellman.85-235-144-215.plesk.page\/wp-content\/uploads\/2025\/02\/JLPZ-1-1024x683.jpg 1024w, https:\/\/admiring-hellman.85-235-144-215.plesk.page\/wp-content\/uploads\/2025\/02\/JLPZ-1-300x200.jpg 300w, https:\/\/admiring-hellman.85-235-144-215.plesk.page\/wp-content\/uploads\/2025\/02\/JLPZ-1-768x512.jpg 768w, https:\/\/admiring-hellman.85-235-144-215.plesk.page\/wp-content\/uploads\/2025\/02\/JLPZ-1-1536x1024.jpg 1536w, https:\/\/admiring-hellman.85-235-144-215.plesk.page\/wp-content\/uploads\/2025\/02\/JLPZ-1.jpg 1920w\" sizes=\"auto, (max-width: 1024px) 100vw, 1024px\" \/><\/figure>\n<\/figure>\n\n\n\n<p class=\"has-text-align-center has-text-color has-link-color has-large-font-size wp-elements-323e5777907d9db16b9cf849f04f14ab\" style=\"color:#0b2582\">T\u011a\u0160\u00cdME SE NA SPOLUPR\u00c1CI.<\/p>\n\n\n\n<div class=\"wp-block-buttons alignwide has-custom-font-size has-medium-font-size is-content-justification-center is-layout-flex wp-container-core-buttons-is-layout-c124d1c4 wp-block-buttons-is-layout-flex\">\n<div class=\"wp-block-button\"><a class=\"wp-block-button__link has-luminous-vivid-amber-color has-text-color has-background has-link-color has-large-font-size has-custom-font-size wp-element-button\" href=\"https:\/\/admiring-hellman.85-235-144-215.plesk.page\/index.php\/nase-prace\/\" style=\"background-color:#0b2582\" target=\"_blank\" rel=\"noreferrer noopener\">NA\u0160E PR\u00c1CE<\/a><\/div>\n\n\n\n<div class=\"wp-block-button\"><a class=\"wp-block-button__link has-luminous-vivid-amber-background-color has-text-color has-background has-link-color has-large-font-size has-custom-font-size wp-element-button\" href=\"https:\/\/admiring-hellman.85-235-144-215.plesk.page\/wp-admin\/post.php?post=142&amp;action=edit\" style=\"color:#0b2582\" target=\"_blank\" rel=\"noreferrer noopener\">KONTAKT<\/a><\/div>\n\n\n\n<div class=\"wp-block-button\"><a class=\"wp-block-button__link has-luminous-vivid-amber-color has-text-color has-background has-link-color has-large-font-size has-custom-font-size wp-element-button\" href=\"https:\/\/admiring-hellman.85-235-144-215.plesk.page\/index.php\/reference\/\" style=\"background-color:#0b2582\" target=\"_blank\" rel=\"noreferrer noopener\">REFERENCE<\/a><\/div>\n<\/div>\n<\/div>\n\n\n\n<div class=\"wp-block-group alignfull is-layout-constrained wp-block-group-is-layout-constrained\" style=\"margin-top:0;margin-bottom:0;padding-top:var(--wp--preset--spacing--50);padding-bottom:var(--wp--preset--spacing--50)\">\n<figure class=\"wp-block-gallery has-nested-images columns-default is-cropped wp-block-gallery-2 is-layout-flex wp-block-gallery-is-layout-flex\">\n<figure class=\"wp-block-image size-large\"><img loading=\"lazy\" decoding=\"async\" width=\"1024\" height=\"626\" data-id=\"44\" src=\"https:\/\/admiring-hellman.85-235-144-215.plesk.page\/wp-content\/uploads\/2025\/02\/nocni-mesto-4-254x368-cm-2-1024x626.jpg\" alt=\"\" class=\"wp-image-44\" srcset=\"https:\/\/admiring-hellman.85-235-144-215.plesk.page\/wp-content\/uploads\/2025\/02\/nocni-mesto-4-254x368-cm-2-1024x626.jpg 1024w, https:\/\/admiring-hellman.85-235-144-215.plesk.page\/wp-content\/uploads\/2025\/02\/nocni-mesto-4-254x368-cm-2-300x184.jpg 300w, https:\/\/admiring-hellman.85-235-144-215.plesk.page\/wp-content\/uploads\/2025\/02\/nocni-mesto-4-254x368-cm-2-768x470.jpg 768w, https:\/\/admiring-hellman.85-235-144-215.plesk.page\/wp-content\/uploads\/2025\/02\/nocni-mesto-4-254x368-cm-2.jpg 1056w\" sizes=\"auto, (max-width: 1024px) 100vw, 1024px\" \/><figcaption class=\"wp-element-caption\">NO\u010cN\u00cd M\u011aSTO FOTOMONT\u00c1\u017d S OH\u0147OSTROJEM<\/figcaption><\/figure>\n\n\n\n<figure class=\"wp-block-image size-large color: FCB900;\"><img loading=\"lazy\" decoding=\"async\" width=\"1024\" height=\"626\" data-id=\"72\" src=\"https:\/\/admiring-hellman.85-235-144-215.plesk.page\/wp-content\/uploads\/2025\/02\/nocni-mesto-4-254x368-cm-1024x626.jpeg\" alt=\"FOTOMONT\u00c1\u017d DVOU FOTEK\" class=\"wp-image-72\" srcset=\"https:\/\/admiring-hellman.85-235-144-215.plesk.page\/wp-content\/uploads\/2025\/02\/nocni-mesto-4-254x368-cm-1024x626.jpeg 1024w, https:\/\/admiring-hellman.85-235-144-215.plesk.page\/wp-content\/uploads\/2025\/02\/nocni-mesto-4-254x368-cm-300x184.jpeg 300w, https:\/\/admiring-hellman.85-235-144-215.plesk.page\/wp-content\/uploads\/2025\/02\/nocni-mesto-4-254x368-cm-768x470.jpeg 768w, https:\/\/admiring-hellman.85-235-144-215.plesk.page\/wp-content\/uploads\/2025\/02\/nocni-mesto-4-254x368-cm.jpeg 1056w\" sizes=\"auto, (max-width: 1024px) 100vw, 1024px\" \/><figcaption class=\"wp-element-caption\">NO\u010cN\u00cd M\u011aSTO<\/figcaption><\/figure>\n<\/figure>\n<\/div>\n\n\n\n<div class=\"wp-block-group alignfull is-layout-constrained wp-block-group-is-layout-constrained\" style=\"margin-top:0;margin-bottom:0\">\n<p class=\"has-text-align-center has-text-color has-link-color has-large-font-size wp-elements-0f12ee183965f865b3197b86c57bbe23\" style=\"color:#0b2582\">\u00daprava ve\u010dern\u00edho m\u011bsta ze dvou r\u016fzn\u00fdch fotek<\/p>\n<\/div>\n\n\n\n<p><\/p>\n\n\n\n<div class=\"wp-block-group alignfull is-layout-constrained wp-container-core-group-is-layout-eb524166 wp-block-group-is-layout-constrained\" style=\"padding-top:var(--wp--preset--spacing--40);padding-right:var(--wp--preset--spacing--30);padding-bottom:var(--wp--preset--spacing--40);padding-left:var(--wp--preset--spacing--30)\">\n<div class=\"wp-block-group alignwide is-vertical is-content-justification-center is-layout-flex wp-container-core-group-is-layout-734eb2c2 wp-block-group-is-layout-flex\"><div class=\"wp-block-site-logo\"><a href=\"https:\/\/admiring-hellman.85-235-144-215.plesk.page\/\" class=\"custom-logo-link\" rel=\"home\"><img loading=\"lazy\" decoding=\"async\" width=\"243\" height=\"243\" src=\"https:\/\/admiring-hellman.85-235-144-215.plesk.page\/wp-content\/uploads\/2025\/02\/cropped-moderni-logo-pro-firmu-TP-design-21original.jpg\" class=\"custom-logo\" alt=\"ToP-webdesign\" srcset=\"https:\/\/admiring-hellman.85-235-144-215.plesk.page\/wp-content\/uploads\/2025\/02\/cropped-moderni-logo-pro-firmu-TP-design-21original.jpg 1x, https:\/\/admiring-hellman.85-235-144-215.plesk.page\/wp-content\/uploads\/2025\/02\/moderni-logo-pro-firmu-TP-design-21original.jpg 2x\" sizes=\"auto, (max-width: 243px) 100vw, 243px\" \/><\/a><\/div>\n\n<h1 style=\"color:#0b2582;\" class=\"has-link-color wp-elements-c14a0a25f99af7c06eeac7ee0c6d44c8 wp-block-site-title has-text-color has-large-font-size\"><a href=\"https:\/\/admiring-hellman.85-235-144-215.plesk.page\" target=\"_self\" rel=\"home\">ToP-webdesign<\/a><\/h1>\n\n<nav style=\"color: #0b2582;\" class=\"has-text-color is-responsive items-justified-center wp-block-navigation is-content-justification-center is-layout-flex wp-container-core-navigation-is-layout-64ede673 wp-block-navigation-is-layout-flex\" aria-label=\"Navigation\" \n\t\t data-wp-interactive=\"core\/navigation\" data-wp-context='{\"overlayOpenedBy\":{\"click\":false,\"hover\":false,\"focus\":false},\"type\":\"overlay\",\"roleAttribute\":\"\",\"ariaLabel\":\"Menu\"}'><button aria-haspopup=\"dialog\" aria-label=\"Otev\u0159\u00edt menu\" class=\"wp-block-navigation__responsive-container-open\" \n\t\t\t\tdata-wp-on--click=\"actions.openMenuOnClick\"\n\t\t\t\tdata-wp-on--keydown=\"actions.handleMenuKeydown\"\n\t\t\t><svg width=\"24\" height=\"24\" xmlns=\"http:\/\/www.w3.org\/2000\/svg\" viewBox=\"0 0 24 24\" aria-hidden=\"true\" focusable=\"false\"><path d=\"M4 7.5h16v1.5H4z\"><\/path><path d=\"M4 15h16v1.5H4z\"><\/path><\/svg><\/button>\n\t\t\t\t<div class=\"wp-block-navigation__responsive-container\"  id=\"modal-3\" \n\t\t\t\tdata-wp-class--has-modal-open=\"state.isMenuOpen\"\n\t\t\t\tdata-wp-class--is-menu-open=\"state.isMenuOpen\"\n\t\t\t\tdata-wp-watch=\"callbacks.initMenu\"\n\t\t\t\tdata-wp-on--keydown=\"actions.handleMenuKeydown\"\n\t\t\t\tdata-wp-on--focusout=\"actions.handleMenuFocusout\"\n\t\t\t\ttabindex=\"-1\"\n\t\t\t>\n\t\t\t\t\t<div class=\"wp-block-navigation__responsive-close\" tabindex=\"-1\">\n\t\t\t\t\t\t<div class=\"wp-block-navigation__responsive-dialog\" \n\t\t\t\tdata-wp-bind--aria-modal=\"state.ariaModal\"\n\t\t\t\tdata-wp-bind--aria-label=\"state.ariaLabel\"\n\t\t\t\tdata-wp-bind--role=\"state.roleAttribute\"\n\t\t\t>\n\t\t\t\t\t\t\t<button aria-label=\"Zav\u0159\u00edt menu\" class=\"wp-block-navigation__responsive-container-close\" \n\t\t\t\tdata-wp-on--click=\"actions.closeMenuOnClick\"\n\t\t\t><svg xmlns=\"http:\/\/www.w3.org\/2000\/svg\" viewBox=\"0 0 24 24\" width=\"24\" height=\"24\" aria-hidden=\"true\" focusable=\"false\"><path d=\"m13.06 12 6.47-6.47-1.06-1.06L12 10.94 5.53 4.47 4.47 5.53 10.94 12l-6.47 6.47 1.06 1.06L12 13.06l6.47 6.47 1.06-1.06L13.06 12Z\"><\/path><\/svg><\/button>\n\t\t\t\t\t\t\t<div class=\"wp-block-navigation__responsive-container-content\" \n\t\t\t\tdata-wp-watch=\"callbacks.focusFirstElement\"\n\t\t\t id=\"modal-3-content\">\n\t\t\t\t\t\t\t\t\n\t\t\t\t\t\t\t<\/div>\n\t\t\t\t\t\t<\/div>\n\t\t\t\t\t<\/div>\n\t\t\t\t<\/div><\/nav><\/div>\n<\/div>\n\n\n\n<p><\/p>\n","protected":false},"excerpt":{"rendered":"<p>Vytvo\u0159\u00edme V\u00e1m webov\u00e9 str\u00e1nky dle va\u0161eho zad\u00e1n\u00ed a Va\u0161eho p\u0159\u00e1n\u00ed. Uprav\u00edme v\u00e1m va\u0161e fotografie, jak si budete p\u0159\u00e1t, t\u0159eba jako<\/p>\n","protected":false},"author":1,"featured_media":0,"parent":0,"menu_order":0,"comment_status":"closed","ping_status":"closed","template":"","meta":{"colormag_page_container_layout":"default_layout","colormag_page_sidebar_layout":"default_layout","footnotes":""},"class_list":["post-104","page","type-page","status-publish","hentry"],"_links":{"self":[{"href":"https:\/\/admiring-hellman.85-235-144-215.plesk.page\/index.php\/wp-json\/wp\/v2\/pages\/104","targetHints":{"allow":["GET"]}}],"collection":[{"href":"https:\/\/admiring-hellman.85-235-144-215.plesk.page\/index.php\/wp-json\/wp\/v2\/pages"}],"about":[{"href":"https:\/\/admiring-hellman.85-235-144-215.plesk.page\/index.php\/wp-json\/wp\/v2\/types\/page"}],"author":[{"embeddable":true,"href":"https:\/\/admiring-hellman.85-235-144-215.plesk.page\/index.php\/wp-json\/wp\/v2\/users\/1"}],"replies":[{"embeddable":true,"href":"https:\/\/admiring-hellman.85-235-144-215.plesk.page\/index.php\/wp-json\/wp\/v2\/comments?post=104"}],"version-history":[{"count":30,"href":"https:\/\/admiring-hellman.85-235-144-215.plesk.page\/index.php\/wp-json\/wp\/v2\/pages\/104\/revisions"}],"predecessor-version":[{"id":193,"href":"https:\/\/admiring-hellman.85-235-144-215.plesk.page\/index.php\/wp-json\/wp\/v2\/pages\/104\/revisions\/193"}],"wp:attachment":[{"href":"https:\/\/admiring-hellman.85-235-144-215.plesk.page\/index.php\/wp-json\/wp\/v2\/media?parent=104"}],"curies":[{"name":"wp","href":"https:\/\/api.w.org\/{rel}","templated":true}]}}